{"id":60,"date":"2024-10-17T14:44:05","date_gmt":"2024-10-17T14:44:05","guid":{"rendered":"http:\/\/localhost:8090\/?page_id=60"},"modified":"2024-12-02T11:22:21","modified_gmt":"2024-12-02T10:22:21","slug":"about-us","status":"publish","type":"page","link":"https:\/\/cesy.dsic.upv.es\/es\/about-us\/","title":{"rendered":"Sobre Nosotros"},"content":{"rendered":"<div data-elementor-type=\"wp-page\" data-elementor-id=\"60\" class=\"elementor elementor-60\">\n\t\t\t\t<div class=\"elementor-element elementor-element-1acbfe4 e-flex e-con-boxed e-con e-parent\" data-id=\"1acbfe4\" data-element_type=\"container\" data-e-type=\"container\">\n\t\t\t\t\t<div class=\"e-con-inner\">\n\t\t\t\t<div class=\"elementor-element elementor-element-7943182 elementor-widget elementor-widget-elementskit-heading\" data-id=\"7943182\" data-element_type=\"widget\" data-e-type=\"widget\" data-widget_type=\"elementskit-heading.default\">\n\t\t\t\t<div class=\"elementor-widget-container\">\n\t\t\t\t\t<div class=\"ekit-wid-con\" ><div class=\"ekit-heading elementskit-section-title-wraper text_left   ekit_heading_tablet-   ekit_heading_mobile-\"><h1 class=\"ekit-heading--title elementskit-section-title text_fill\">Sobre <span><span>Nosotros<\/span><\/span><\/h1><div class=\"ekit_heading_separetor_wraper ekit_heading_elementskit-border-divider ekit-dotted\"><div class=\"elementskit-border-divider ekit-dotted\"><\/div><\/div><h3 class=\"ekit-heading--subtitle elementskit-section-subtitle\">\n\t\t\t\t\t\tConoce m\u00e1s sobre la historia y publicaciones del equipo de investigaci\u00f3n dedicado a avanzar el conocimiento.\n\t\t\t\t\t<\/h3><\/div><\/div>\t\t\t\t<\/div>\n\t\t\t\t<\/div>\n\t\t\t\t\t<\/div>\n\t\t\t\t<\/div>\n\t\t<div class=\"elementor-element elementor-element-22aaebd e-flex e-con-boxed e-con e-parent\" data-id=\"22aaebd\" data-element_type=\"container\" data-e-type=\"container\">\n\t\t\t\t\t<div class=\"e-con-inner\">\n\t\t<div class=\"elementor-element elementor-element-a025369 e-con-full e-flex e-con e-child\" data-id=\"a025369\" data-element_type=\"container\" data-e-type=\"container\">\n\t\t\t\t<div class=\"elementor-element elementor-element-54bead2 elementor-widget elementor-widget-text-editor\" data-id=\"54bead2\" data-element_type=\"widget\" data-e-type=\"widget\" data-widget_type=\"text-editor.default\">\n\t\t\t\t<div class=\"elementor-widget-container\">\n\t\t\t\t\t\t\t\t\t<p class=\"translation-block\">Somos un equipo de investigadores de la Universidad Polit\u00e8cnica de Val\u00e8ncia (<a href=\"https:\/\/www.upv.es\" target=\"_blank\" rel=\"noopener\">Universitat Polit\u00e8cnica de Val\u00e8ncia \u2013 UPV<\/a>) con muchos a\u00f1os de experiencia en recuperaci\u00f3n de informaci\u00f3n y temas relacionados. <span data-teams=\"true\">Nuestro laboratorio est\u00e1 ubicado en el campus de la UPV y forma parte del<\/span> <a href=\"https:\/\/vrain.upv.es\" target=\"_blank\" rel=\"noopener\">Instituto Valenciano de Investigaci\u00f3n en Inteligencia Artificial (VRAIN)<\/a>.<\/p>\t\t\t\t\t\t\t\t<\/div>\n\t\t\t\t<\/div>\n\t\t\t\t<div class=\"elementor-element elementor-element-5416560 elementor-widget elementor-widget-image\" data-id=\"5416560\" data-element_type=\"widget\" data-e-type=\"widget\" data-widget_type=\"image.default\">\n\t\t\t\t<div class=\"elementor-widget-container\">\n\t\t\t\t\t\t\t\t\t\t\t\t\t\t\t<img fetchpriority=\"high\" decoding=\"async\" width=\"1476\" height=\"635\" src=\"https:\/\/cesy.dsic.upv.es\/wp-content\/uploads\/2024\/10\/VRAIN-1_color_300-100-color.jpg\" class=\"attachment-full size-full wp-image-2313\" alt=\"\" srcset=\"https:\/\/cesy.dsic.upv.es\/wp-content\/uploads\/2024\/10\/VRAIN-1_color_300-100-color.jpg 1476w, https:\/\/cesy.dsic.upv.es\/wp-content\/uploads\/2024\/10\/VRAIN-1_color_300-100-color-300x129.jpg 300w, https:\/\/cesy.dsic.upv.es\/wp-content\/uploads\/2024\/10\/VRAIN-1_color_300-100-color-1024x441.jpg 1024w, https:\/\/cesy.dsic.upv.es\/wp-content\/uploads\/2024\/10\/VRAIN-1_color_300-100-color-768x330.jpg 768w\" sizes=\"(max-width: 1476px) 100vw, 1476px\" \/>\t\t\t\t\t\t\t\t\t\t\t\t\t\t\t<\/div>\n\t\t\t\t<\/div>\n\t\t\t\t<div class=\"elementor-element elementor-element-f1b7b1d elementor-widget elementor-widget-image\" data-id=\"f1b7b1d\" data-element_type=\"widget\" data-e-type=\"widget\" data-widget_type=\"image.default\">\n\t\t\t\t<div class=\"elementor-widget-container\">\n\t\t\t\t\t\t\t\t\t\t\t\t\t\t\t<img decoding=\"async\" width=\"1024\" height=\"362\" src=\"https:\/\/cesy.dsic.upv.es\/wp-content\/uploads\/2024\/10\/marca_UPV_principal_color300-1024x362.jpg\" class=\"attachment-large size-large wp-image-2129\" alt=\"\" srcset=\"https:\/\/cesy.dsic.upv.es\/wp-content\/uploads\/2024\/10\/marca_UPV_principal_color300-1024x362.jpg 1024w, https:\/\/cesy.dsic.upv.es\/wp-content\/uploads\/2024\/10\/marca_UPV_principal_color300-300x106.jpg 300w, https:\/\/cesy.dsic.upv.es\/wp-content\/uploads\/2024\/10\/marca_UPV_principal_color300-768x271.jpg 768w, https:\/\/cesy.dsic.upv.es\/wp-content\/uploads\/2024\/10\/marca_UPV_principal_color300-1536x543.jpg 1536w, https:\/\/cesy.dsic.upv.es\/wp-content\/uploads\/2024\/10\/marca_UPV_principal_color300.jpg 1607w\" sizes=\"(max-width: 1024px) 100vw, 1024px\" \/>\t\t\t\t\t\t\t\t\t\t\t\t\t\t\t<\/div>\n\t\t\t\t<\/div>\n\t\t\t\t<\/div>\n\t\t<div class=\"elementor-element elementor-element-7fcb0bf e-con-full e-flex e-con e-child\" data-id=\"7fcb0bf\" data-element_type=\"container\" data-e-type=\"container\">\n\t\t\t\t<div class=\"elementor-element elementor-element-7e3af9c elementor-widget elementor-widget-text-editor\" data-id=\"7e3af9c\" data-element_type=\"widget\" data-e-type=\"widget\" data-widget_type=\"text-editor.default\">\n\t\t\t\t<div class=\"elementor-widget-container\">\n\t\t\t\t\t\t\t\t\t<h2>Los investigadores<\/h2><p><span data-teams=\"true\">Our <a href=\"https:\/\/vrain.upv.es\">research institute<\/a> is formed from more than 100 researchers. Our <a href=\"https:\/\/gvidal.webs.upv.es\/mist\/index.html\">research group<\/a> leads information retrieval projects with a subteam of researchers specialized on content extraction and scraping.<\/span><\/p>\t\t\t\t\t\t\t\t<\/div>\n\t\t\t\t<\/div>\n\t\t<div class=\"elementor-element elementor-element-0f12892 e-con-full e-flex e-con e-child\" data-id=\"0f12892\" data-element_type=\"container\" data-e-type=\"container\">\n\t\t\t\t<div class=\"elementor-element elementor-element-0394954 eael-team-align-eael-team-align-default elementor-widget elementor-widget-eael-team-member\" data-id=\"0394954\" data-element_type=\"widget\" data-e-type=\"widget\" data-widget_type=\"eael-team-member.default\">\n\t\t\t\t<div class=\"elementor-widget-container\">\n\t\t\t\t\t\n\n\t<div id=\"eael-team-member-0394954\" class=\"eael-team-item eael-team-members-simple\">\n\t\t<div class=\"eael-team-item-inner\">\n\t\t\t<div class=\"eael-team-image\">\n\t\t\t\t<figure>\n\t\t\t\t\t\t\t\t\t\t<img decoding=\"async\" src=\"https:\/\/cesy.dsic.upv.es\/wp-content\/uploads\/2024\/12\/Cesped-Josep-V2-scaled.jpg\" alt=\"\">\n\t\t\t\t\t\t\t\t\t<\/figure>\n\t\t\t\t\n\t\t\t\t\n\t\t\t<\/div>\n\n\t\t\t<div class=\"eael-team-content\">\n\t\t\t\t<h2 class=\"eael-team-member-name\">Josep Silva Galiana<\/h2><h3 class=\"eael-team-member-position\">PhD Associate Professor<\/h3>\n\t\t\t\t\t\t\t\t\t\t\t\t\t\t\t<ul class=\"eael-team-member-social-profiles\">\n\t\t\t\t\t\t\t\t\t\t\t\t\t\t\t\t\t\t\t\t\t\t\t\t\t\t\t\t\t\t\t\t\t\t\t\t\t\t\t\t\t<li class=\"eael-team-member-social-link\">\n\t\t\t\t\t\t\t\t\t\t<a href=\"https:\/\/personales.upv.es\/josilga\" target=\"_blank\">\n\t\t\t\t\t\t\t\t\t\t\t\t\t\t\t\t\t\t\t\t\t\t\t<svg aria-hidden=\"true\" class=\"e-font-icon-svg e-fas-globe\" viewbox=\"0 0 496 512\" xmlns=\"http:\/\/www.w3.org\/2000\/svg\"><path d=\"M336.5 160C322 70.7 287.8 8 248 8s-74 62.7-88.5 152h177zM152 256c0 22.2 1.2 43.5 3.3 64h185.3c2.1-20.5 3.3-41.8 3.3-64s-1.2-43.5-3.3-64H155.3c-2.1 20.5-3.3 41.8-3.3 64zm324.7-96c-28.6-67.9-86.5-120.4-158-141.6 24.4 33.8 41.2 84.7 50 141.6h108zM177.2 18.4C105.8 39.6 47.8 92.1 19.3 160h108c8.7-56.9 25.5-107.8 49.9-141.6zM487.4 192H372.7c2.1 21 3.3 42.5 3.3 64s-1.2 43-3.3 64h114.6c5.5-20.5 8.6-41.8 8.6-64s-3.1-43.5-8.5-64zM120 256c0-21.5 1.2-43 3.3-64H8.6C3.2 212.5 0 233.8 0 256s3.2 43.5 8.6 64h114.6c-2-21-3.2-42.5-3.2-64zm39.5 96c14.5 89.3 48.7 152 88.5 152s74-62.7 88.5-152h-177zm159.3 141.6c71.4-21.2 129.4-73.7 158-141.6h-108c-8.8 56.9-25.6 107.8-50 141.6zM19.3 352c28.6 67.9 86.5 120.4 158 141.6-24.4-33.8-41.2-84.7-50-141.6h-108z\"><\/path><\/svg>\t\t\t\t\t\t\t\t\t\t\t\t\t\t\t\t\t\t\t\t\t<\/a>\n\t\t\t\t\t\t\t\t\t<\/li>\n\t\t\t\t\t\t\t\t\t\t\t\t\t\t\t\t\t\t\t\t\t<\/ul>\n\t\t\t\t\t\t\t\t\t\t<p class=\"eael-team-text\"><\/p>\n\t\t\t\t\t\t\t<\/div>\n\t\t<\/div>\n\t<\/div>\n\t\t\t\t\t<\/div>\n\t\t\t\t<\/div>\n\t\t\t\t<div class=\"elementor-element elementor-element-47cd879 eael-team-align-eael-team-align-default elementor-widget elementor-widget-eael-team-member\" data-id=\"47cd879\" data-element_type=\"widget\" data-e-type=\"widget\" data-widget_type=\"eael-team-member.default\">\n\t\t\t\t<div class=\"elementor-widget-container\">\n\t\t\t\t\t\n\n\t<div id=\"eael-team-member-47cd879\" class=\"eael-team-item eael-team-members-simple\">\n\t\t<div class=\"eael-team-item-inner\">\n\t\t\t<div class=\"eael-team-image\">\n\t\t\t\t<figure>\n\t\t\t\t\t\t\t\t\t\t<img decoding=\"async\" src=\"https:\/\/cesy.dsic.upv.es\/wp-content\/uploads\/2024\/12\/Cesped-Julian-V-scaled.jpg\" alt=\"\">\n\t\t\t\t\t\t\t\t\t<\/figure>\n\t\t\t\t\n\t\t\t\t\n\t\t\t<\/div>\n\n\t\t\t<div class=\"eael-team-content\">\n\t\t\t\t<h2 class=\"eael-team-member-name\">Juli\u00e1n Alarte Aleixandre<\/h2><h3 class=\"eael-team-member-position\">Phd Adjunct Professor<\/h3>\n\t\t\t\t\t\t\t\t\t\t\t\t\t\t\t<ul class=\"eael-team-member-social-profiles\">\n\t\t\t\t\t\t\t\t\t\t\t\t\t\t\t\t\t\t\t\t\t\t\t\t\t\t\t\t\t\t\t\t\t\t\t\t\t\t\t\t\t<li class=\"eael-team-member-social-link\">\n\t\t\t\t\t\t\t\t\t\t<a href=\"https:\/\/www.linkedin.com\/in\/julianalarte\/?originalSubdomain=es\" target=\"_blank\">\n\t\t\t\t\t\t\t\t\t\t\t\t\t\t\t\t\t\t\t\t\t\t\t<svg aria-hidden=\"true\" class=\"e-font-icon-svg e-fas-globe\" viewbox=\"0 0 496 512\" xmlns=\"http:\/\/www.w3.org\/2000\/svg\"><path d=\"M336.5 160C322 70.7 287.8 8 248 8s-74 62.7-88.5 152h177zM152 256c0 22.2 1.2 43.5 3.3 64h185.3c2.1-20.5 3.3-41.8 3.3-64s-1.2-43.5-3.3-64H155.3c-2.1 20.5-3.3 41.8-3.3 64zm324.7-96c-28.6-67.9-86.5-120.4-158-141.6 24.4 33.8 41.2 84.7 50 141.6h108zM177.2 18.4C105.8 39.6 47.8 92.1 19.3 160h108c8.7-56.9 25.5-107.8 49.9-141.6zM487.4 192H372.7c2.1 21 3.3 42.5 3.3 64s-1.2 43-3.3 64h114.6c5.5-20.5 8.6-41.8 8.6-64s-3.1-43.5-8.5-64zM120 256c0-21.5 1.2-43 3.3-64H8.6C3.2 212.5 0 233.8 0 256s3.2 43.5 8.6 64h114.6c-2-21-3.2-42.5-3.2-64zm39.5 96c14.5 89.3 48.7 152 88.5 152s74-62.7 88.5-152h-177zm159.3 141.6c71.4-21.2 129.4-73.7 158-141.6h-108c-8.8 56.9-25.6 107.8-50 141.6zM19.3 352c28.6 67.9 86.5 120.4 158 141.6-24.4-33.8-41.2-84.7-50-141.6h-108z\"><\/path><\/svg>\t\t\t\t\t\t\t\t\t\t\t\t\t\t\t\t\t\t\t\t\t<\/a>\n\t\t\t\t\t\t\t\t\t<\/li>\n\t\t\t\t\t\t\t\t\t\t\t\t\t\t\t\t\t\t\t\t\t<\/ul>\n\t\t\t\t\t\t\t\t\t\t<p class=\"eael-team-text\"><\/p>\n\t\t\t\t\t\t\t<\/div>\n\t\t<\/div>\n\t<\/div>\n\t\t\t\t\t<\/div>\n\t\t\t\t<\/div>\n\t\t\t\t<div class=\"elementor-element elementor-element-8a56674 eael-team-align-eael-team-align-default elementor-widget elementor-widget-eael-team-member\" data-id=\"8a56674\" data-element_type=\"widget\" data-e-type=\"widget\" data-widget_type=\"eael-team-member.default\">\n\t\t\t\t<div class=\"elementor-widget-container\">\n\t\t\t\t\t\n\n\t<div id=\"eael-team-member-8a56674\" class=\"eael-team-item eael-team-members-simple\">\n\t\t<div class=\"eael-team-item-inner\">\n\t\t\t<div class=\"eael-team-image\">\n\t\t\t\t<figure>\n\t\t\t\t\t\t\t\t\t\t<img decoding=\"async\" src=\"https:\/\/cesy.dsic.upv.es\/wp-content\/uploads\/2024\/12\/Cesped-Carlos-V-scaled.jpg\" alt=\"\">\n\t\t\t\t\t\t\t\t\t<\/figure>\n\t\t\t\t\n\t\t\t\t\n\t\t\t<\/div>\n\n\t\t\t<div class=\"eael-team-content\">\n\t\t\t\t<h2 class=\"eael-team-member-name\">Carlos Galindo Jim\u00e9nez<\/h2><h3 class=\"eael-team-member-position\">PhD Research Associate<\/h3>\n\t\t\t\t\t\t\t\t\t\t\t\t\t\t\t<ul class=\"eael-team-member-social-profiles\">\n\t\t\t\t\t\t\t\t\t\t\t\t\t\t\t\t\t\t\t\t\t\t\t\t\t\t\t\t\t\t\t\t\t\t\t\t\t\t\t\t\t<li class=\"eael-team-member-social-link\">\n\t\t\t\t\t\t\t\t\t\t<a href=\"https:\/\/personales.upv.es\/cargaji\" target=\"_blank\">\n\t\t\t\t\t\t\t\t\t\t\t\t\t\t\t\t\t\t\t\t\t\t\t<svg aria-hidden=\"true\" class=\"e-font-icon-svg e-fas-globe\" viewbox=\"0 0 496 512\" xmlns=\"http:\/\/www.w3.org\/2000\/svg\"><path d=\"M336.5 160C322 70.7 287.8 8 248 8s-74 62.7-88.5 152h177zM152 256c0 22.2 1.2 43.5 3.3 64h185.3c2.1-20.5 3.3-41.8 3.3-64s-1.2-43.5-3.3-64H155.3c-2.1 20.5-3.3 41.8-3.3 64zm324.7-96c-28.6-67.9-86.5-120.4-158-141.6 24.4 33.8 41.2 84.7 50 141.6h108zM177.2 18.4C105.8 39.6 47.8 92.1 19.3 160h108c8.7-56.9 25.5-107.8 49.9-141.6zM487.4 192H372.7c2.1 21 3.3 42.5 3.3 64s-1.2 43-3.3 64h114.6c5.5-20.5 8.6-41.8 8.6-64s-3.1-43.5-8.5-64zM120 256c0-21.5 1.2-43 3.3-64H8.6C3.2 212.5 0 233.8 0 256s3.2 43.5 8.6 64h114.6c-2-21-3.2-42.5-3.2-64zm39.5 96c14.5 89.3 48.7 152 88.5 152s74-62.7 88.5-152h-177zm159.3 141.6c71.4-21.2 129.4-73.7 158-141.6h-108c-8.8 56.9-25.6 107.8-50 141.6zM19.3 352c28.6 67.9 86.5 120.4 158 141.6-24.4-33.8-41.2-84.7-50-141.6h-108z\"><\/path><\/svg>\t\t\t\t\t\t\t\t\t\t\t\t\t\t\t\t\t\t\t\t\t<\/a>\n\t\t\t\t\t\t\t\t\t<\/li>\n\t\t\t\t\t\t\t\t\t\t\t\t\t\t\t\t\t\t\t\t\t<\/ul>\n\t\t\t\t\t\t\t\t\t\t<p class=\"eael-team-text\"><\/p>\n\t\t\t\t\t\t\t<\/div>\n\t\t<\/div>\n\t<\/div>\n\t\t\t\t\t<\/div>\n\t\t\t\t<\/div>\n\t\t\t\t<div class=\"elementor-element elementor-element-5b188cb eael-team-align-eael-team-align-default elementor-widget elementor-widget-eael-team-member\" data-id=\"5b188cb\" data-element_type=\"widget\" data-e-type=\"widget\" data-widget_type=\"eael-team-member.default\">\n\t\t\t\t<div class=\"elementor-widget-container\">\n\t\t\t\t\t\n\n\t<div id=\"eael-team-member-5b188cb\" class=\"eael-team-item eael-team-members-simple\">\n\t\t<div class=\"eael-team-item-inner\">\n\t\t\t<div class=\"eael-team-image\">\n\t\t\t\t<figure>\n\t\t\t\t\t\t\t\t\t\t<img decoding=\"async\" src=\"https:\/\/cesy.dsic.upv.es\/wp-content\/uploads\/2024\/12\/Cesped-Charlie-V-scaled.jpg\" alt=\"\">\n\t\t\t\t\t\t\t\t\t<\/figure>\n\t\t\t\t\n\t\t\t\t\n\t\t\t<\/div>\n\n\t\t\t<div class=\"eael-team-content\">\n\t\t\t\t<h2 class=\"eael-team-member-name\">Carlos Mart\u00edn Abell\u00e1n<\/h2><h3 class=\"eael-team-member-position\">Research Associate<\/h3>\n\t\t\t\t\t\t\t\t\t\t\t\t\t\t\t<ul class=\"eael-team-member-social-profiles\">\n\t\t\t\t\t\t\t\t\t\t\t\t\t\t\t\t\t\t\t\t\t\t\t\t\t\t\t\t\t\t\t\t\t\t\t\t\t\t\t\t\t<li class=\"eael-team-member-social-link\">\n\t\t\t\t\t\t\t\t\t\t<a href=\"https:\/\/www.upv.es\/ficha-personal\/cmarabe1\" target=\"_blank\">\n\t\t\t\t\t\t\t\t\t\t\t\t\t\t\t\t\t\t\t\t\t\t\t<svg aria-hidden=\"true\" class=\"e-font-icon-svg e-fas-globe\" viewbox=\"0 0 496 512\" xmlns=\"http:\/\/www.w3.org\/2000\/svg\"><path d=\"M336.5 160C322 70.7 287.8 8 248 8s-74 62.7-88.5 152h177zM152 256c0 22.2 1.2 43.5 3.3 64h185.3c2.1-20.5 3.3-41.8 3.3-64s-1.2-43.5-3.3-64H155.3c-2.1 20.5-3.3 41.8-3.3 64zm324.7-96c-28.6-67.9-86.5-120.4-158-141.6 24.4 33.8 41.2 84.7 50 141.6h108zM177.2 18.4C105.8 39.6 47.8 92.1 19.3 160h108c8.7-56.9 25.5-107.8 49.9-141.6zM487.4 192H372.7c2.1 21 3.3 42.5 3.3 64s-1.2 43-3.3 64h114.6c5.5-20.5 8.6-41.8 8.6-64s-3.1-43.5-8.5-64zM120 256c0-21.5 1.2-43 3.3-64H8.6C3.2 212.5 0 233.8 0 256s3.2 43.5 8.6 64h114.6c-2-21-3.2-42.5-3.2-64zm39.5 96c14.5 89.3 48.7 152 88.5 152s74-62.7 88.5-152h-177zm159.3 141.6c71.4-21.2 129.4-73.7 158-141.6h-108c-8.8 56.9-25.6 107.8-50 141.6zM19.3 352c28.6 67.9 86.5 120.4 158 141.6-24.4-33.8-41.2-84.7-50-141.6h-108z\"><\/path><\/svg>\t\t\t\t\t\t\t\t\t\t\t\t\t\t\t\t\t\t\t\t\t<\/a>\n\t\t\t\t\t\t\t\t\t<\/li>\n\t\t\t\t\t\t\t\t\t\t\t\t\t\t\t\t\t\t\t\t\t<\/ul>\n\t\t\t\t\t\t\t\t\t\t<p class=\"eael-team-text\"><\/p>\n\t\t\t\t\t\t\t<\/div>\n\t\t<\/div>\n\t<\/div>\n\t\t\t\t\t<\/div>\n\t\t\t\t<\/div>\n\t\t\t\t<\/div>\n\t\t\t\t<\/div>\n\t\t<div class=\"elementor-element elementor-element-589fe25 e-con-full e-flex e-con e-child\" data-id=\"589fe25\" data-element_type=\"container\" data-e-type=\"container\">\n\t\t\t\t<div class=\"elementor-element elementor-element-dc9cfb0 list-article elementor-widget elementor-widget-text-editor\" data-id=\"dc9cfb0\" data-element_type=\"widget\" data-e-type=\"widget\" data-widget_type=\"text-editor.default\">\n\t\t\t\t<div class=\"elementor-widget-container\">\n\t\t\t\t\t\t\t\t\t<h2>Resultados publicados<\/h2><p class=\"translation-block\"><span data-teams=\"true\">Hemos publicado algunos de nuestros resultados en conferencias y revistas<\/span>. Estas son algunas de ellas:<\/p><ul><li>J. Alarte, C. Galindo, C. Mart\u00edn, J. Silva. <em>RevEx: An Online Consumer Reviews Extraction Tool<\/em>. CIKM \u201824: Proceedings of the 33rd ACM International Conference on Information and Knowledge Management. Boise, ID, USA (2024). Publicado en <a href=\"https:\/\/dl.acm.org\/doi\/10.1145\/3627673.3679214\" target=\"_blank\" rel=\"noopener\">ACM Digital Library.<\/a><\/li><li>J. Alarte, J. Silva and S. Tamarit. <em>What Web Template Extractor Should I Use? A Benchmarking and Comparison for Five Template Extractors<\/em>. ACM Transactions on the Web (TWEB), Vol. 13, 2 (2019). Publicado en <a href=\"https:\/\/doi.org\/10.1145\/3316810\" target=\"_blank\" rel=\"noopener\">ACM Digital Library<\/a>.<\/li><li>J. Alarte, D. Insa, J. Silva and S. Tamarit. <em>A Benchmark Suite for Template Detection and Content Extraction<\/em>. Technical Report (2014). Disponible en <a href=\"https:\/\/doi.org\/10.48550\/arXiv.1409.6182\" target=\"_blank\" rel=\"noopener\">arXiv<\/a>.<\/li><\/ul>\t\t\t\t\t\t\t\t<\/div>\n\t\t\t\t<\/div>\n\t\t\t\t<div class=\"elementor-element elementor-element-f8ecdeb list-funding elementor-widget elementor-widget-text-editor\" data-id=\"f8ecdeb\" data-element_type=\"widget\" data-e-type=\"widget\" data-widget_type=\"text-editor.default\">\n\t\t\t\t<div class=\"elementor-widget-container\">\n\t\t\t\t\t\t\t\t\t<h2>Financiaci\u00f3n<\/h2><p>A lo largo de los \u00faltimos diez a\u00f1os, hemos obtenido y completado proyectos de investigaci\u00f3n financiados por el gobierno para estudiar la mejor manera de ubicar cada elemento en un sitio web.<\/p><ul><li>Tecnologias de Aprendizaje y Razonamiento Rapido y Lento (FassLow, ref. CIPROM\/2022\/6). 12 investigadores est\u00e1n siendo subvencionados por la Generalitat Valenciana con 581,571.00 \u20ac desde Enero de 2023 hasta Diciembre de 2026. Investigadores principales: <a href=\"https:\/\/personales.upv.es\/sanesro\/\" target=\"_blank\" rel=\"noopener\">Santiago Escobar<\/a> y <a href=\"https:\/\/www.upv.es\/ficha-personal\/MJRAMIRE\" target=\"_blank\" rel=\"noopener\">Mar\u00eda Jos\u00e9 Ramirez-Quintana<\/a>.<\/li><li><span data-teams=\"true\"><span class=\"ui-provider hv wb oq wc wd we wf wg wh wi wj wk wl wm wn wo wp wq wr ws wt wu wv ww wx wy wz xa xb xc xd xe xf xg xh\" dir=\"ltr\">Analysis and Validation of Software and Web Resources (SAFER, ref. PID2019-104735RB-C41). 10 investigadores fueron subvencionados por el Gobierno Espa\u00f1ol (MCI) con 116,160.00 \u20ac desde Junio de 2020 hasta Mayo de 2024. Investigadores principales: Josep Silva y <a href=\"https:\/\/gvidal.webs.upv.es\" target=\"_blank\" rel=\"noopener\">Germ\u00e1n Vidal<\/a>.<br \/><\/span><\/span><\/li><li>Deep Logic Technology for Software Trustworthiness (DeepTrust, ref. PROMETEO\/2019\/098). 12 investigadores fueron subvencionados por la Generalitat Valenciana con 260,924.00 \u20ac desde Enero de 2019 hasta Diciembre 2022. Investigador principal: <a href=\"https:\/\/elp.webs.upv.es\/members\/alpuente\/\" target=\"_blank\" rel=\"noopener\">Mar\u00eda Alpuente<\/a>.<\/li><li><span data-teams=\"true\"><span class=\"ui-provider hv wb oq wc wd we wf wg wh wi wj wk wl wm wn wo wp wq wr ws wt wu wv ww wx wy wz xa xb xc xd xe xf xg xh\" dir=\"ltr\">M\u00e9todos Rigurosos para el Internet del Futuro (MERINET, ref. TIN2016-76843-C4-1-R). 10 investigadores fueron subvencionados por el Gobierno Espa\u00f1ol (AEI\/FEDER EU) con 77,718.30 \u20ac desde Enero de 2017 hasta Diciembre de 2019. Investigadores principales: Josep Silva y <a href=\"https:\/\/gvidal.webs.upv.es\" target=\"_blank\" rel=\"noopener\">Germ\u00e1n Vidal<\/a>.<br \/><\/span><\/span><\/li><li>Tecnolog\u00edas L\u00f3gicas para la Seguridad, Modelado, An\u00e1lisis y Rendimiento del Software (SmartLogic, ref. PROMETEOII\/2015\/013). 12 researchers were funded by the Generalitat Valenciana with 300,000.00 \u20ac from Jan. 2015 to Dec. 2018. Principal Investigator: <a href=\"https:\/\/elp.webs.upv.es\/members\/alpuente\/\" target=\"_blank\" rel=\"noopener\">Mar\u00eda Alpuente<\/a>.<\/li><li><span data-teams=\"true\"><span class=\"ui-provider hv wb oq wc wd we wf wg wh wi wj wk wl wm wn wo wp wq wr ws wt wu wv ww wx wy wz xa xb xc xd xe xf xg xh\" dir=\"ltr\">Validaci\u00f3n Asistida de Programas mediante M\u00e9todos Precisos y Rigurosos para una Ingenier\u00eda dels Software Robusta (CAVI-ROSE, ref. TIN2013-44742-C4-1-R). 9 investigadores fueron subvencionados por el Gobierno Espa\u00f1ol (MEC) con 90,304.00 \u20ac desde Enero de 2014 hasta Diciembre de 2017. Investigadores principales: Josep Silva y <a href=\"https:\/\/gvidal.webs.upv.es\" target=\"_blank\" rel=\"noopener\">Germ\u00e1n Vidal<\/a>.<br \/><\/span><\/span><\/li><\/ul>\t\t\t\t\t\t\t\t<\/div>\n\t\t\t\t<\/div>\n\t\t\t\t<\/div>\n\t\t\t\t\t<\/div>\n\t\t\t\t<\/div>\n\t\t\t\t<\/div>","protected":false},"excerpt":{"rendered":"<p>About Us Learn more about our history, publications, and research team dedicated to advancing knowledge. We are a team of researchers from the Technical University of Valencia (Universitat Polit\u00e8cnica de Val\u00e8ncia \u2013 UPV) with many years of experience in Information Retrieval and related subjects. Our laboratory is located at the UPV campus and it is [&hellip;]<\/p>\n","protected":false},"author":1,"featured_media":0,"parent":0,"menu_order":0,"comment_status":"closed","ping_status":"closed","template":"","meta":{"_uag_custom_page_level_css":"","site-sidebar-layout":"default","site-content-layout":"","ast-site-content-layout":"default","site-content-style":"default","site-sidebar-style":"default","ast-global-header-display":"","ast-banner-title-visibility":"","ast-main-header-display":"","ast-hfb-above-header-display":"","ast-hfb-below-header-display":"","ast-hfb-mobile-header-display":"","site-post-title":"disabled","ast-breadcrumbs-content":"","ast-featured-img":"","footer-sml-layout":"","ast-disable-related-posts":"","theme-transparent-header-meta":"disabled","adv-header-id-meta":"","stick-header-meta":"","header-above-stick-meta":"","header-main-stick-meta":"","header-below-stick-meta":"","astra-migrate-meta-layouts":"set","ast-page-background-enabled":"default","ast-page-background-meta":{"desktop":{"background-color":"var(--ast-global-color-4)","background-image":"","background-repeat":"repeat","background-position":"center center","background-size":"auto","background-attachment":"scroll","background-type":"","background-media":"","overlay-type":"","overlay-color":"","overlay-opacity":"","overlay-gradient":""},"tablet":{"background-color":"","background-image":"","background-repeat":"repeat","background-position":"center center","background-size":"auto","background-attachment":"scroll","background-type":"","background-media":"","overlay-type":"","overlay-color":"","overlay-opacity":"","overlay-gradient":""},"mobile":{"background-color":"","background-image":"","background-repeat":"repeat","background-position":"center center","background-size":"auto","background-attachment":"scroll","background-type":"","background-media":"","overlay-type":"","overlay-color":"","overlay-opacity":"","overlay-gradient":""}},"ast-content-background-meta":{"desktop":{"background-color":"var(--ast-global-color-5)","background-image":"","background-repeat":"repeat","background-position":"center center","background-size":"auto","background-attachment":"scroll","background-type":"","background-media":"","overlay-type":"","overlay-color":"","overlay-opacity":"","overlay-gradient":""},"tablet":{"background-color":"var(--ast-global-color-5)","background-image":"","background-repeat":"repeat","background-position":"center center","background-size":"auto","background-attachment":"scroll","background-type":"","background-media":"","overlay-type":"","overlay-color":"","overlay-opacity":"","overlay-gradient":""},"mobile":{"background-color":"var(--ast-global-color-5)","background-image":"","background-repeat":"repeat","background-position":"center center","background-size":"auto","background-attachment":"scroll","background-type":"","background-media":"","overlay-type":"","overlay-color":"","overlay-opacity":"","overlay-gradient":""}},"footnotes":""},"class_list":["post-60","page","type-page","status-publish","hentry"],"uagb_featured_image_src":{"full":false,"thumbnail":false,"medium":false,"medium_large":false,"large":false,"1536x1536":false,"2048x2048":false,"trp-custom-language-flag":false},"uagb_author_info":{"display_name":"cmarabe1","author_link":"https:\/\/cesy.dsic.upv.es\/es\/author\/cmarabe1\/"},"uagb_comment_info":0,"uagb_excerpt":"About Us Learn more about our history, publications, and research team dedicated to advancing knowledge. We are a team of researchers from the Technical University of Valencia (Universitat Polit\u00e8cnica de Val\u00e8ncia \u2013 UPV) with many years of experience in Information Retrieval and related subjects. Our laboratory is located at the UPV campus and it is&hellip;","_links":{"self":[{"href":"https:\/\/cesy.dsic.upv.es\/es\/wp-json\/wp\/v2\/pages\/60","targetHints":{"allow":["GET"]}}],"collection":[{"href":"https:\/\/cesy.dsic.upv.es\/es\/wp-json\/wp\/v2\/pages"}],"about":[{"href":"https:\/\/cesy.dsic.upv.es\/es\/wp-json\/wp\/v2\/types\/page"}],"author":[{"embeddable":true,"href":"https:\/\/cesy.dsic.upv.es\/es\/wp-json\/wp\/v2\/users\/1"}],"replies":[{"embeddable":true,"href":"https:\/\/cesy.dsic.upv.es\/es\/wp-json\/wp\/v2\/comments?post=60"}],"version-history":[{"count":223,"href":"https:\/\/cesy.dsic.upv.es\/es\/wp-json\/wp\/v2\/pages\/60\/revisions"}],"predecessor-version":[{"id":3108,"href":"https:\/\/cesy.dsic.upv.es\/es\/wp-json\/wp\/v2\/pages\/60\/revisions\/3108"}],"wp:attachment":[{"href":"https:\/\/cesy.dsic.upv.es\/es\/wp-json\/wp\/v2\/media?parent=60"}],"curies":[{"name":"wp","href":"https:\/\/api.w.org\/{rel}","templated":true}]}}