{"id":3,"date":"2024-10-17T11:51:04","date_gmt":"2024-10-17T11:51:04","guid":{"rendered":"http:\/\/localhost:8090\/?page_id=3"},"modified":"2024-11-15T12:36:15","modified_gmt":"2024-11-15T11:36:15","slug":"privacy-policy","status":"publish","type":"page","link":"https:\/\/cesy.dsic.upv.es\/es\/privacy-policy\/","title":{"rendered":"Pol\u00edtica de privacidad"},"content":{"rendered":"<div data-elementor-type=\"wp-page\" data-elementor-id=\"3\" class=\"elementor elementor-3\">\n\t\t\t\t<div class=\"elementor-element elementor-element-6a8011c e-flex e-con-boxed e-con e-parent\" data-id=\"6a8011c\" data-element_type=\"container\" data-e-type=\"container\">\n\t\t\t\t\t<div class=\"e-con-inner\">\n\t\t\t\t<div class=\"elementor-element elementor-element-5eaaf284 elementor-widget elementor-widget-text-editor\" data-id=\"5eaaf284\" data-element_type=\"widget\" data-e-type=\"widget\" data-widget_type=\"text-editor.default\">\n\t\t\t\t<div class=\"elementor-widget-container\">\n\t\t\t\t\t\t\t\t\t<h1 class=\"wp-block-heading\">Pol\u00edtica de privacidad<\/h1>\n<p><!-- \/wp:heading --><\/p>\n<p><!-- wp:paragraph --><\/p>\n<p>This webpage is owned by the <a href=\"https:\/\/www.upv.es\/legal\/politica-privacidad-en.html\">Universitat Polit\u00e8cnica de Val\u00e8ncia (UPV)<\/a>, and is available at <a href=\"https:\/\/cesy.dsic.upv.es\/es\/\">https:\/\/cesy.dsic.upv.es<\/a>. As this service operates on the UPV\u2019s network, you are also subject to the UPV\u2019s privacy policy, which is <a href=\"https:\/\/www.upv.es\/legal\/politica-privacidad-en.html\">available here<\/a>.<\/p>\n<p><!-- \/wp:paragraph --><\/p>\n<p><!-- wp:heading --><\/p>\n<h2 class=\"wp-block-heading\">What data do we collect?<\/h2>\n<div><strong>When you use this website<\/strong>, you transmit your IP and basic details about your browser (name and version, e.g. Chromium v102).<\/div>\n<div><strong>When you use any form on the website<\/strong>, you provide us with your personal details (name, surname, email&#8230;).<\/div>\n<div>We do not collect any other data from you.<\/div>\n<p><!-- \/wp:heading --><\/p>\n<p><!-- wp:heading --><\/p>\n<h2 class=\"wp-block-heading\">Who we share your data with<\/h2>\n<p><!-- \/wp:heading --><\/p>\n<p><!-- wp:paragraph --><\/p>\n<p><span class=\"privacy-policy-tutorial\">We may share your data with local law enforcement authorities if necessary. <\/span>We will not sell or transmit your data to other entities.<\/p>\n<p><!-- \/wp:paragraph --><\/p>\n<p><!-- wp:heading --><\/p>\n<h2 class=\"wp-block-heading\">How long we retain your data<\/h2>\n<p><!-- \/wp:heading --><\/p>\n<p><!-- wp:paragraph --><\/p>\n<p>We retain your data indefinitely.<\/p>\n<p><!-- \/wp:paragraph --><\/p>\n<p><!-- wp:heading --><\/p>\n<h2 class=\"wp-block-heading\">What rights you have over your data<\/h2>\n<p><!-- \/wp:heading --><\/p>\n<p><!-- wp:paragraph --><\/p>\n<p>If you want to delete your data, you can use the contact form to do so. Please use the same email address that is associated with previous submissions. This does not include any data we are obliged to keep for administrative, legal, or security purposes.<\/p>\n<p><!-- \/wp:paragraph --><\/p>\t\t\t\t\t\t\t\t<\/div>\n\t\t\t\t<\/div>\n\t\t\t\t<div class=\"elementor-element elementor-element-939a2ea elementor-widget elementor-widget-text-editor\" data-id=\"939a2ea\" data-element_type=\"widget\" data-e-type=\"widget\" data-widget_type=\"text-editor.default\">\n\t\t\t\t<div class=\"elementor-widget-container\">\n\t\t\t\t\t\t\t\t\t<h1 class=\"wp-block-heading\">Pol\u00edtica de privacidad<\/h1>\n<p><!-- \/wp:heading --><\/p>\n<p><!-- wp:paragraph --><\/p>\n<h3><strong>Informaci\u00f3n B\u00e1sica sobre Protecci\u00f3n de datos:<\/strong><\/h3>\n<p class=\"translation-block\"><strong>Responsable:<\/strong> Universitat Polit\u00e8cnica de Val\u00e8ncia C.I.F. Q4618002B<br><strong>Finalidad:<\/strong> El objetivo del tratamiento de datos es poder dar respuesta a los interesados que se inscriban a trav\u00e9s del formulario de solicitud y\/o gestionar su candidatura.<br><strong>Destinatarios:<\/strong> No se prev\u00e9n transferencias internacionales de datos.<br><strong>Derechos:<\/strong> Tiene derecho a acceder, rectificar y suprimir los datos, as\u00ed como otros derechos, indicados en la informaci\u00f3n adicional, que puede ejercer dirigi\u00e9ndose a <a rel=\"noopener\" target=\"_self\">dpd@upv.es<\/a>, Cam\u00ed de Vera, s\/n, 46022-Val\u00e8ncia.<\/p>\n<h3><strong>General:<\/strong><\/h3>\n<p>A los efectos de lo previsto en el Reglamento Europeo de Protecci\u00f3n de Datos UE 2016\/679, de 27 de Abril (RGPD), en la Ley Org\u00e1nica 3\/2018, de 5 de Diciembre, de Protecci\u00f3n de Datos Personales y Garant\u00eda de los Derechos Digitales (LOPDGDD) y resto de la normativa nacional vigente, UPV, le informa que cumple \u00edntegramente con la legislaci\u00f3n vigente en materia de protecci\u00f3n de datos de car\u00e1cter personal, y con los compromisos de confidencialidad propios de su actividad.<\/p>\n<p>UPV pone en su conocimiento la existencia de un sistema de tratamiento de la informaci\u00f3n, titularidad de UPV, para las finalidades propias de gesti\u00f3n, comunicaci\u00f3n e informaci\u00f3n. El citado sistema se encuentra descrito en el correspondiente Registro de Actividades de Tratamiento, al que puede acceder el usuario para comprobar la situaci\u00f3n de sus datos.<\/p>\n<h3><strong>Ejercicio de derechos:<\/strong><\/h3>\n<p class=\"translation-block\">Para ejercitar los Derechos de acceso, oposici\u00f3n, rectificaci\u00f3n, cancelaci\u00f3n o supresi\u00f3n, revocaci\u00f3n del consentimiento, limitaci\u00f3n del tratamiento de los datos y portabilidad, deber\u00e1n dirigirse por escrito a UPV, <a rel=\"noopener\" target=\"_self\">dpd@upv.es<\/a>, Espa\u00f1a, mediante comunicaci\u00f3n por escrito. Tambi\u00e9n puede presentar reclamaci\u00f3n ante la AEPD.<\/p>\n<h3><strong>Tiempo de conservaci\u00f3n de datos personales:<\/strong><\/h3>\n<p>Sus datos, ser\u00e1n conservados el tiempo m\u00ednimo necesario para realizar las acciones de transferencia de tecnolog\u00eda en el Instituto.<\/p>\n<h3><strong>Finalidad del tratamiento de datos:<\/strong><\/h3>\n<p>En VRAIN tratamos la informaci\u00f3n que nos facilita con la finalidad de poder dar respuesta a los interesados que se inscriban a trav\u00e9s del formulario de solicitud y\/o gestionar su candidatura.<\/p>\n<h3><strong>Destinatarios:<\/strong><\/h3>\n<p>VRAIN-UPV no comunicar\u00e1 sus datos a ning\u00fan tercero, salvo que se informe de ello expresamente.<\/p>\n<h3><strong>Derechos cuando nos facilita sus datos:<\/strong><\/h3>\n<p>Los derechos de protecci\u00f3n de datos de los que son titulares los interesados son:<\/p>\n<ul>\n<li>Derecho a solicitar el acceso a los datos personales relativos al interesado<\/li>\n<li>Derecho de rectificaci\u00f3n o supresi\u00f3n<\/li>\n<li>Derecho de oposici\u00f3n<\/li>\n<li>Derecho a solicitar la limitaci\u00f3n de su tratamiento<\/li>\n<li>Derecho a la portabilidad de los datos<\/li>\n<\/ul>\n<p>Los titulares de los datos personales obtenidos, podr\u00e1n ejercer susderechos de protecci\u00f3n de datos personales dirigiendo una comunicaci\u00f3npor escrito al domicilio social de Universitat Polit\u00e8cnica de Val\u00e8ncia o al correo electr\u00f3nico habilitado a tal efecto,  , incluyendo en ambos casos fotocopia de su DNI u otro documento de identificaci\u00f3n equivalente.<\/p>\n<p>Modelos, formularios y m\u00e1s informaci\u00f3n disponible sobre sus derechos en la p\u00e1gina web de la autoridad de control nacional, Agencia Espa\u00f1olade Protecci\u00f3n de Datos, en adelante, AEPD, en <a href=\"http:\/\/www.agpd.es\" target=\"_new\" rel=\"noopener\">www.agpd.es<\/a><\/p>\n<h3><strong>Retirar el consentimiento prestado:<\/strong><\/h3>\n<p>Usted tiene la posibilidad y el derecho a retirar el consentimiento para cualquiera finalidad espec\u00edfica otorgada en su momento, sin que ello afecte a la licitud del tratamiento basado en el consentimiento previo a su retirada.<\/p>\n<h3><strong>Env\u00edo curriculum vitae:<\/strong><\/h3>\n<p>En el supuesto de que el usuario env\u00ede su CV a trav\u00e9s de nuestra web o de nuestras redes sociales, le informamos que los datos aportados ser\u00e1n tratados para hacerlo part\u00edcipe de los procesos de selecci\u00f3n que pueda haber en la entidad, llevando a cabo un an\u00e1lisis del perfil del solicitante con el objetivo de seleccionar el mejor candidato para el lugar vacante del responsable.<\/p>\n<p>Los datos se conservar\u00e1n durante un plazo m\u00e1ximo de 2 a\u00f1os, transcurrido el cual se proceder\u00e1 a la supresi\u00f3n de los datos garantiz\u00e1ndole un total respecto a la confidencialidad tanto en el tratamiento como en su posterior destrucci\u00f3n. En este sentido, transcurrido el mencionado plazo, y si desea continuar participando en los procesos de selecci\u00f3n del responsable, le rogamos nos remita nuevamente su curr\u00edculum.<\/p>\n<p>En caso de producirse alguna modificaci\u00f3n en los datos, le rogamos nos lo comunique por escrito lo m\u00e1s ante posible, con objeto de mantener sus datos debidamente actualizados.<\/p>\n<p>Los datos se podr\u00e1n tratar y\/o comunicar a las empresas integrantes de nuestro grupo durante el tiempo de conservaci\u00f3n de su curr\u00edculum y para los mismos fines antes informados.<\/p>\n<p><!-- \/wp:paragraph --><\/p>\t\t\t\t\t\t\t\t<\/div>\n\t\t\t\t<\/div>\n\t\t\t\t\t<\/div>\n\t\t\t\t<\/div>\n\t\t\t\t<\/div>","protected":false},"excerpt":{"rendered":"<p>Privacy Policy This webpage is owned by the Universitat Polit\u00e8cnica de Val\u00e8ncia (UPV), and is available at https:\/\/cesy.dsic.upv.es. As this service operates on the UPV\u2019s network, you are also subject to the UPV\u2019s privacy policy, which is available here. What data do we collect? When you use this website, you transmit your IP and basic [&hellip;]<\/p>\n","protected":false},"author":1,"featured_media":0,"parent":0,"menu_order":0,"comment_status":"closed","ping_status":"closed","template":"","meta":{"_uag_custom_page_level_css":"","site-sidebar-layout":"default","site-content-layout":"","ast-site-content-layout":"default","site-content-style":"default","site-sidebar-style":"default","ast-global-header-display":"","ast-banner-title-visibility":"","ast-main-header-display":"","ast-hfb-above-header-display":"","ast-hfb-below-header-display":"","ast-hfb-mobile-header-display":"","site-post-title":"","ast-breadcrumbs-content":"","ast-featured-img":"","footer-sml-layout":"","ast-disable-related-posts":"","theme-transparent-header-meta":"","adv-header-id-meta":"","stick-header-meta":"","header-above-stick-meta":"","header-main-stick-meta":"","header-below-stick-meta":"","astra-migrate-meta-layouts":"set","ast-page-background-enabled":"default","ast-page-background-meta":{"desktop":{"background-color":"var(--ast-global-color-4)","background-image":"","background-repeat":"repeat","background-position":"center center","background-size":"auto","background-attachment":"scroll","background-type":"","background-media":"","overlay-type":"","overlay-color":"","overlay-opacity":"","overlay-gradient":""},"tablet":{"background-color":"","background-image":"","background-repeat":"repeat","background-position":"center center","background-size":"auto","background-attachment":"scroll","background-type":"","background-media":"","overlay-type":"","overlay-color":"","overlay-opacity":"","overlay-gradient":""},"mobile":{"background-color":"","background-image":"","background-repeat":"repeat","background-position":"center center","background-size":"auto","background-attachment":"scroll","background-type":"","background-media":"","overlay-type":"","overlay-color":"","overlay-opacity":"","overlay-gradient":""}},"ast-content-background-meta":{"desktop":{"background-color":"var(--ast-global-color-5)","background-image":"","background-repeat":"repeat","background-position":"center center","background-size":"auto","background-attachment":"scroll","background-type":"","background-media":"","overlay-type":"","overlay-color":"","overlay-opacity":"","overlay-gradient":""},"tablet":{"background-color":"var(--ast-global-color-5)","background-image":"","background-repeat":"repeat","background-position":"center center","background-size":"auto","background-attachment":"scroll","background-type":"","background-media":"","overlay-type":"","overlay-color":"","overlay-opacity":"","overlay-gradient":""},"mobile":{"background-color":"var(--ast-global-color-5)","background-image":"","background-repeat":"repeat","background-position":"center center","background-size":"auto","background-attachment":"scroll","background-type":"","background-media":"","overlay-type":"","overlay-color":"","overlay-opacity":"","overlay-gradient":""}},"footnotes":""},"class_list":["post-3","page","type-page","status-publish","hentry"],"uagb_featured_image_src":{"full":false,"thumbnail":false,"medium":false,"medium_large":false,"large":false,"1536x1536":false,"2048x2048":false,"trp-custom-language-flag":false},"uagb_author_info":{"display_name":"cmarabe1","author_link":"https:\/\/cesy.dsic.upv.es\/es\/author\/cmarabe1\/"},"uagb_comment_info":0,"uagb_excerpt":"Privacy Policy This webpage is owned by the Universitat Polit\u00e8cnica de Val\u00e8ncia (UPV), and is available at https:\/\/cesy.dsic.upv.es. As this service operates on the UPV\u2019s network, you are also subject to the UPV\u2019s privacy policy, which is available here. What data do we collect? When you use this website, you transmit your IP and basic&hellip;","_links":{"self":[{"href":"https:\/\/cesy.dsic.upv.es\/es\/wp-json\/wp\/v2\/pages\/3","targetHints":{"allow":["GET"]}}],"collection":[{"href":"https:\/\/cesy.dsic.upv.es\/es\/wp-json\/wp\/v2\/pages"}],"about":[{"href":"https:\/\/cesy.dsic.upv.es\/es\/wp-json\/wp\/v2\/types\/page"}],"author":[{"embeddable":true,"href":"https:\/\/cesy.dsic.upv.es\/es\/wp-json\/wp\/v2\/users\/1"}],"replies":[{"embeddable":true,"href":"https:\/\/cesy.dsic.upv.es\/es\/wp-json\/wp\/v2\/comments?post=3"}],"version-history":[{"count":24,"href":"https:\/\/cesy.dsic.upv.es\/es\/wp-json\/wp\/v2\/pages\/3\/revisions"}],"predecessor-version":[{"id":3073,"href":"https:\/\/cesy.dsic.upv.es\/es\/wp-json\/wp\/v2\/pages\/3\/revisions\/3073"}],"wp:attachment":[{"href":"https:\/\/cesy.dsic.upv.es\/es\/wp-json\/wp\/v2\/media?parent=3"}],"curies":[{"name":"wp","href":"https:\/\/api.w.org\/{rel}","templated":true}]}}