{"id":2711,"date":"2024-11-04T16:06:22","date_gmt":"2024-11-04T15:06:22","guid":{"rendered":"https:\/\/cesy.dsic.upv.es\/?page_id=2711"},"modified":"2024-11-07T17:00:10","modified_gmt":"2024-11-07T16:00:10","slug":"some-problems-we-solve","status":"publish","type":"page","link":"https:\/\/cesy.dsic.upv.es\/es\/some-problems-we-solve\/","title":{"rendered":"Algunos problemas que resolvemos..."},"content":{"rendered":"<div data-elementor-type=\"wp-page\" data-elementor-id=\"2711\" class=\"elementor elementor-2711\">\n\t\t\t\t<div class=\"elementor-element elementor-element-e6a8da4 e-flex e-con-boxed e-con e-parent\" data-id=\"e6a8da4\" data-element_type=\"container\" data-e-type=\"container\">\n\t\t\t\t\t<div class=\"e-con-inner\">\n\t\t\t\t<div class=\"elementor-element elementor-element-aaaef9e elementor-widget elementor-widget-elementskit-heading\" data-id=\"aaaef9e\" data-element_type=\"widget\" data-e-type=\"widget\" data-widget_type=\"elementskit-heading.default\">\n\t\t\t\t<div class=\"elementor-widget-container\">\n\t\t\t\t\t<div class=\"ekit-wid-con\" ><div class=\"ekit-heading elementskit-section-title-wraper    ekit_heading_tablet-   ekit_heading_mobile-\"><h1 class=\"ekit-heading--title elementskit-section-title text_fill\">Algunos problemas que resolvemos...<\/h1><div class=\"ekit_heading_separetor_wraper ekit_heading_elementskit-border-divider ekit-dotted\"><div class=\"elementskit-border-divider ekit-dotted\"><\/div><\/div><h3 class=\"ekit-heading--subtitle elementskit-section-subtitle\">\n\t\t\t\t\t\tHaz click en cada tarjeta para solucionar el problema.\n\t\t\t\t\t<\/h3><\/div><\/div>\t\t\t\t<\/div>\n\t\t\t\t<\/div>\n\t\t\t\t<div class=\"elementor-element elementor-element-e4fe94f elementor-widget elementor-widget-elementskit-heading\" data-id=\"e4fe94f\" data-element_type=\"widget\" data-e-type=\"widget\" data-settings=\"{&quot;_animation&quot;:&quot;none&quot;}\" data-widget_type=\"elementskit-heading.default\">\n\t\t\t\t<div class=\"elementor-widget-container\">\n\t\t\t\t\t<div class=\"ekit-wid-con\" ><div class=\"ekit-heading elementskit-section-title-wraper text_center   ekit_heading_tablet-   ekit_heading_mobile-\"><h2 class=\"ekit-heading--title elementskit-section-title text_fill translation-block\">Extracci\u00f3n autom\u00e1tica de <span><span>contenido principal<\/span><\/span><\/h2><\/div><\/div>\t\t\t\t<\/div>\n\t\t\t\t<\/div>\n\t\t<div class=\"elementor-element elementor-element-d46012e e-con-full e-flex e-con e-child\" data-id=\"d46012e\" data-element_type=\"container\" data-e-type=\"container\">\n\t\t<div class=\"elementor-element elementor-element-65ef94e e-con-full e-flex e-con e-child\" data-id=\"65ef94e\" data-element_type=\"container\" data-e-type=\"container\">\n\t\t\t\t<div class=\"elementor-element elementor-element-3e84bf2 eael-flipbox-content-align-left elementor-widget elementor-widget-eael-flip-box\" data-id=\"3e84bf2\" data-element_type=\"widget\" data-e-type=\"widget\" id=\"usecase1-content\" data-widget_type=\"eael-flip-box.default\">\n\t\t\t\t<div class=\"elementor-widget-container\">\n\t\t\t\t\t        <div class=\"eael-elements-flip-box-container eael-animate-flip eael-animate-up eael-content eael-flip-box-click eael-flipbox-fixed-height eael-flipbox-dynamic\">\n\n            <div class=\"eael-elements-flip-box-flip-card\">\n                <div class=\"eael-elements-flip-box-front-container\">\n                    \n                    \n                        <div class=\"eael-elements-slider-display-table\">\n                            <div class=\"eael-elements-flip-box-vertical-align\">\n                                <div class=\"eael-elements-flip-box-padding\">\n                                    <div class=\"eael-elements-flip-box-icon-image\">\n                                                                            <\/div>\n                                    <h3 class=\"eael-elements-flip-box-heading\">Problema 1 - B\u00fasqueda y Selecci\u00f3n Precisa de P\u00e1ginas Web<\/h3>                                    <div class=\"eael-elements-flip-box-content translation-block\">Un <strong>sistema<\/strong> que busca <strong>informaci\u00f3n<\/strong> en <strong>Internet<\/strong> basado en una <strong>consulta<\/strong> (por ejemplo, <strong>banco<\/strong> &amp; <strong>crisis<\/strong> &amp; <strong>hipoteca<\/strong> &amp; <strong>Ucrania<\/strong>) encontrar\u00e1 <strong>miles<\/strong> de <strong>fuentes<\/strong> de las cuales extraer <strong>informaci\u00f3n<\/strong>. Si buscamos estas <strong>palabras clave<\/strong> a trav\u00e9s de una <strong>p\u00e1gina<\/strong> completa, obtendremos <strong>muchas p\u00e1ginas<\/strong> donde algunos de estos <strong>t\u00e9rminos<\/strong> no son parte del <strong>contenido principal<\/strong> sino que aparecen en campos de <strong>noticias relacionadas<\/strong>, <strong>comentarios de usuarios<\/strong>, <strong>anuncios<\/strong>, <strong>banners<\/strong>, etc. Esto nos llevar\u00e1 a incluir un <strong>gran n\u00famero<\/strong> de <strong>p\u00e1ginas irrelevantes<\/strong> en nuestros <strong>resultados de b\u00fasqueda<\/strong>, lo que resultar\u00e1 en un <strong>procesamiento<\/strong> innecesario, <strong>tiempo y recursos perdidos, y, peor a\u00fan, en <strong>resultados incorrectos<\/strong> e <strong>inexactos<\/strong>.<\/div>\n                                <\/div>\n                            <\/div>\n                        <\/div>\n                                    <\/div>\n\n                <div class=\"eael-elements-flip-box-rear-container\">\n                                                                <div class=\"eael-elements-slider-display-table\">\n                            <div class=\"eael-elements-flip-box-vertical-align\">\n                                <div class=\"eael-elements-flip-box-padding\">\n                                                                                                            <h3 class=\"eael-elements-flip-box-heading\">Soluci\u00f3n<\/h3>\n                                                                        <div class=\"eael-elements-flip-box-content translation-block\"><strong>CESy<\/strong> detecta el contenido principal de las p\u00e1ginas web y asegura que los <strong>t\u00e9rminos de b\u00fasqueda<\/strong> aparezcan en el <strong>contenido principal<\/strong> de las p\u00e1ginas que quiero encontrar (y no en otras partes de la p\u00e1gina web).<\/div>\n\n                                                                            <a class=\"flipbox-button\" href=\"\/es\/main-content-extraction\/\">\n                                                                                        Leer m\u00e1s...                                                                                            <\/a>\n                                                                    <\/div>\n                            <\/div>\n                        <\/div>\n                                    <\/div>\n            <\/div>\n        <\/div>\n        \t\t\t\t<\/div>\n\t\t\t\t<\/div>\n\t\t\t\t<\/div>\n\t\t<div class=\"elementor-element elementor-element-e1b352f e-con-full e-flex e-con e-child\" data-id=\"e1b352f\" data-element_type=\"container\" data-e-type=\"container\">\n\t\t\t\t<div class=\"elementor-element elementor-element-07e3d7b eael-flipbox-content-align-left elementor-widget elementor-widget-eael-flip-box\" data-id=\"07e3d7b\" data-element_type=\"widget\" data-e-type=\"widget\" id=\"usecase2-content\" data-widget_type=\"eael-flip-box.default\">\n\t\t\t\t<div class=\"elementor-widget-container\">\n\t\t\t\t\t        <div class=\"eael-elements-flip-box-container eael-animate-flip eael-animate-up eael-content eael-flip-box-click eael-flipbox-fixed-height eael-flipbox-dynamic\">\n\n            <div class=\"eael-elements-flip-box-flip-card\">\n                <div class=\"eael-elements-flip-box-front-container\">\n                    \n                    \n                        <div class=\"eael-elements-slider-display-table\">\n                            <div class=\"eael-elements-flip-box-vertical-align\">\n                                <div class=\"eael-elements-flip-box-padding\">\n                                    <div class=\"eael-elements-flip-box-icon-image\">\n                                                                            <\/div>\n                                    <h3 class=\"eael-elements-flip-box-heading\">Problema 2 - Extracci\u00f3n de Informaci\u00f3n Relevante<\/h3>                                    <div class=\"eael-elements-flip-box-content\">\n\t                                    <p class=\"translation-block\"><strong>Quiero mostrar todas las noticias de hoy<\/strong> relacionadas con una <strong>empresa<\/strong> espec\u00edfica. Despu\u00e9s de realizar una <strong>b\u00fasqueda de informaci\u00f3n<\/strong> en varias <strong>fuentes<\/strong> (peri\u00f3dicos, redes sociales, feeds, etc.), un <strong>sistema<\/strong> recopila las p\u00e1ginas web m\u00e1s <strong>relevantes<\/strong> para esa b\u00fasqueda. Desafortunadamente, estas p\u00e1ginas a menudo contienen <strong>informaci\u00f3n irrelevante<\/strong> (que no forma parte del <strong>contenido principal de las noticias<\/strong>) como men\u00fas, banners, anuncios, encabezados, pies de p\u00e1gina, elementos de navegaci\u00f3n, plantillas, noticias relacionadas, comentarios, etc.<\/p>                                    <\/div>\n                                <\/div>\n                            <\/div>\n                        <\/div>\n                                    <\/div>\n\n                <div class=\"eael-elements-flip-box-rear-container\">\n                                                                <div class=\"eael-elements-slider-display-table\">\n                            <div class=\"eael-elements-flip-box-vertical-align\">\n                                <div class=\"eael-elements-flip-box-padding\">\n                                                                                                            <h3 class=\"eael-elements-flip-box-heading\">Soluci\u00f3n<\/h3>\n                                                                        <div class=\"eael-elements-flip-box-content translation-block\"><strong>CESy<\/strong> extrae \u00fanicamente el <strong>contenido relevante<\/strong> de cada p\u00e1gina, asegurando que podamos mostrar o analizar (por ejemplo, <strong>an\u00e1lisis de sentimientos<\/strong>, <strong>an\u00e1lisis sem\u00e1ntico<\/strong>) solo la <strong>informaci\u00f3n \u00fatil<\/strong> de cada p\u00e1gina. Una vez extra\u00edda, un ejecutivo que desea analizar la <strong>informaci\u00f3n<\/strong> puede ver toda la <strong>informaci\u00f3n sintetizada<\/strong> de una vez.<\/div>\n\n                                                                            <a class=\"flipbox-button\" href=\"\/es\/main-content-extraction\/\">\n                                                                                        Leer m\u00e1s...                                                                                            <\/a>\n                                                                    <\/div>\n                            <\/div>\n                        <\/div>\n                                    <\/div>\n            <\/div>\n        <\/div>\n        \t\t\t\t<\/div>\n\t\t\t\t<\/div>\n\t\t\t\t<\/div>\n\t\t<div class=\"elementor-element elementor-element-9d4bf9a e-con-full e-flex e-con e-child\" data-id=\"9d4bf9a\" data-element_type=\"container\" data-e-type=\"container\">\n\t\t\t\t<div class=\"elementor-element elementor-element-7903fe9 eael-flipbox-content-align-left elementor-widget elementor-widget-eael-flip-box\" data-id=\"7903fe9\" data-element_type=\"widget\" data-e-type=\"widget\" id=\"usecase3-content\" data-widget_type=\"eael-flip-box.default\">\n\t\t\t\t<div class=\"elementor-widget-container\">\n\t\t\t\t\t        <div class=\"eael-elements-flip-box-container eael-animate-flip eael-animate-up eael-content eael-flip-box-click eael-flipbox-fixed-height eael-flipbox-dynamic\">\n\n            <div class=\"eael-elements-flip-box-flip-card\">\n                <div class=\"eael-elements-flip-box-front-container\">\n                    \n                    \n                        <div class=\"eael-elements-slider-display-table\">\n                            <div class=\"eael-elements-flip-box-vertical-align\">\n                                <div class=\"eael-elements-flip-box-padding\">\n                                    <div class=\"eael-elements-flip-box-icon-image\">\n                                                                            <\/div>\n                                    <h3 class=\"eael-elements-flip-box-heading\">Problema 3 - Procesamiento de Informaci\u00f3n para Personas con Discapacidad Visual<\/h3>                                    <div class=\"eael-elements-flip-box-content translation-block\"><strong>Las personas con discapacidad visual<\/strong> enfrentan desaf\u00edos al escuchar <strong>contenido web<\/strong>, ya que <strong>los lectores de pantalla<\/strong> leen los men\u00fas y cualquier otro texto de forma secuencial en una p\u00e1gina web. Esto obliga al usuario a escuchar mucha <strong>informaci\u00f3n irrelevante<\/strong> (incluidos anuncios y promociones insertadas) antes de poder acceder al <strong>contenido principal<\/strong>.<\/div>\n                                <\/div>\n                            <\/div>\n                        <\/div>\n                                    <\/div>\n\n                <div class=\"eael-elements-flip-box-rear-container\">\n                                                                <div class=\"eael-elements-slider-display-table\">\n                            <div class=\"eael-elements-flip-box-vertical-align\">\n                                <div class=\"eael-elements-flip-box-padding\">\n                                                                                                            <h3 class=\"eael-elements-flip-box-heading\">Soluci\u00f3n<\/h3>\n                                                                        <div class=\"eael-elements-flip-box-content translation-block\"><strong>CESy<\/strong> extrae el <strong>contenido principal<\/strong> antes de que el navegador lea toda la <strong>p\u00e1gina web<\/strong>, por lo que el navegador lee \u00fanicamente la <strong>informaci\u00f3n deseada<\/strong>. Esto resulta en un <strong>ahorro de tiempo significativo<\/strong> para los <strong>usuarios con discapacidad visual<\/strong>.<\/div>\n\n                                                                            <a class=\"flipbox-button\" href=\"\/es\/main-content-extraction\/\">\n                                                                                        Leer m\u00e1s...                                                                                            <\/a>\n                                                                    <\/div>\n                            <\/div>\n                        <\/div>\n                                    <\/div>\n            <\/div>\n        <\/div>\n        \t\t\t\t<\/div>\n\t\t\t\t<\/div>\n\t\t\t\t<\/div>\n\t\t\t\t<div class=\"elementor-element elementor-element-783c2eb elementor-widget elementor-widget-elementskit-heading\" data-id=\"783c2eb\" data-element_type=\"widget\" data-e-type=\"widget\" data-settings=\"{&quot;_animation&quot;:&quot;none&quot;}\" data-widget_type=\"elementskit-heading.default\">\n\t\t\t\t<div class=\"elementor-widget-container\">\n\t\t\t\t\t<div class=\"ekit-wid-con\" ><div class=\"ekit-heading elementskit-section-title-wraper text_center   ekit_heading_tablet-   ekit_heading_mobile-\"><h2 class=\"ekit-heading--title elementskit-section-title text_fill translation-block\">Extracci\u00f3n autom\u00e1tica de <span><span>reviews<\/span><\/span><\/h2><\/div><\/div>\t\t\t\t<\/div>\n\t\t\t\t<\/div>\n\t\t<div class=\"elementor-element elementor-element-38e3173 e-con-full e-flex e-con e-child\" data-id=\"38e3173\" data-element_type=\"container\" data-e-type=\"container\">\n\t\t\t\t<div class=\"elementor-element elementor-element-e72aa49 eael-flipbox-content-align-left elementor-widget elementor-widget-eael-flip-box\" data-id=\"e72aa49\" data-element_type=\"widget\" data-e-type=\"widget\" id=\"usecase1-rev\" data-widget_type=\"eael-flip-box.default\">\n\t\t\t\t<div class=\"elementor-widget-container\">\n\t\t\t\t\t        <div class=\"eael-elements-flip-box-container eael-animate-flip eael-animate-up eael-content eael-flip-box-click eael-flipbox-fixed-height eael-flipbox-dynamic\">\n\n            <div class=\"eael-elements-flip-box-flip-card\">\n                <div class=\"eael-elements-flip-box-front-container\">\n                    \n                    \n                        <div class=\"eael-elements-slider-display-table\">\n                            <div class=\"eael-elements-flip-box-vertical-align\">\n                                <div class=\"eael-elements-flip-box-padding\">\n                                    <div class=\"eael-elements-flip-box-icon-image\">\n                                                                            <\/div>\n                                    <h3 class=\"eael-elements-flip-box-heading\">Problema 1 - Extracci\u00f3n de Rese\u00f1as Globales<\/h3>                                    <div class=\"eael-elements-flip-box-content translation-block\"><strong>Quiero entender las opiniones de mis clientes<\/strong> sobre mi <strong>producto<\/strong>. Sin embargo, mi producto se vende en muchas <strong>tiendas en l\u00ednea<\/strong> diferentes. Por lo tanto, necesito recopilar <strong>rese\u00f1as<\/strong> (calificaciones) de mi producto de varias tiendas en l\u00ednea y combinar toda esta informaci\u00f3n para su an\u00e1lisis. Desafortunadamente, cada <strong>sitio web<\/strong> muestra la informaci\u00f3n de manera diferente, y las p\u00e1ginas cambian frecuentemente su <strong>estructura<\/strong>.<\/div>\n                                <\/div>\n                            <\/div>\n                        <\/div>\n                                    <\/div>\n\n                <div class=\"eael-elements-flip-box-rear-container\">\n                                                                <div class=\"eael-elements-slider-display-table\">\n                            <div class=\"eael-elements-flip-box-vertical-align\">\n                                <div class=\"eael-elements-flip-box-padding\">\n                                                                                                            <h3 class=\"eael-elements-flip-box-heading\">Soluci\u00f3n<\/h3>\n                                                                        <div class=\"eael-elements-flip-box-content translation-block\"><strong>CESy<\/strong> extrae <strong>rese\u00f1as<\/strong> de cualquier p\u00e1gina sin necesidad de conocer su <strong>estructura<\/strong>. Esto permite recopilar <strong>rese\u00f1as<\/strong> de todos los sitios y compilarlas en un <strong>informe \u00fanico<\/strong>.<\/div>\n\n                                                                            <a class=\"flipbox-button\" href=\"\/es\/reviews-extraction\/\">\n                                                                                        Leer m\u00e1s...                                                                                            <\/a>\n                                                                    <\/div>\n                            <\/div>\n                        <\/div>\n                                    <\/div>\n            <\/div>\n        <\/div>\n        \t\t\t\t<\/div>\n\t\t\t\t<\/div>\n\t\t\t\t<\/div>\n\t\t\t\t<\/div>\n\t\t\t\t\t<\/div>\n\t\t\t\t<\/div>\n\t\t\t\t<\/div>","protected":false},"excerpt":{"rendered":"<p>Some problems we solve Click each card to solve the problem. Automatic extraction of main content Problem 1 &#8211; Precise Search and Selection of Web Pages A system that searches for information on the Internet based on a query (for example, bank &#038; crisis &#038; mortgage &#038; Ukraine) will find thousands of sources from which [&hellip;]<\/p>\n","protected":false},"author":1,"featured_media":0,"parent":0,"menu_order":0,"comment_status":"closed","ping_status":"closed","template":"","meta":{"_uag_custom_page_level_css":"","site-sidebar-layout":"no-sidebar","site-content-layout":"page-builder","ast-site-content-layout":"full-width-container","site-content-style":"default","site-sidebar-style":"default","ast-global-header-display":"","ast-banner-title-visibility":"","ast-main-header-display":"","ast-hfb-above-header-display":"","ast-hfb-below-header-display":"","ast-hfb-mobile-header-display":"","site-post-title":"disabled","ast-breadcrumbs-content":"","ast-featured-img":"disabled","footer-sml-layout":"","ast-disable-related-posts":"","theme-transparent-header-meta":"","adv-header-id-meta":"","stick-header-meta":"","header-above-stick-meta":"","header-main-stick-meta":"","header-below-stick-meta":"","astra-migrate-meta-layouts":"set","ast-page-background-enabled":"default","ast-page-background-meta":{"desktop":{"background-color":"var(--ast-global-color-4)","background-image":"","background-repeat":"repeat","background-position":"center center","background-size":"auto","background-attachment":"scroll","background-type":"","background-media":"","overlay-type":"","overlay-color":"","overlay-opacity":"","overlay-gradient":""},"tablet":{"background-color":"","background-image":"","background-repeat":"repeat","background-position":"center center","background-size":"auto","background-attachment":"scroll","background-type":"","background-media":"","overlay-type":"","overlay-color":"","overlay-opacity":"","overlay-gradient":""},"mobile":{"background-color":"","background-image":"","background-repeat":"repeat","background-position":"center center","background-size":"auto","background-attachment":"scroll","background-type":"","background-media":"","overlay-type":"","overlay-color":"","overlay-opacity":"","overlay-gradient":""}},"ast-content-background-meta":{"desktop":{"background-color":"var(--ast-global-color-5)","background-image":"","background-repeat":"repeat","background-position":"center center","background-size":"auto","background-attachment":"scroll","background-type":"","background-media":"","overlay-type":"","overlay-color":"","overlay-opacity":"","overlay-gradient":""},"tablet":{"background-color":"var(--ast-global-color-5)","background-image":"","background-repeat":"repeat","background-position":"center center","background-size":"auto","background-attachment":"scroll","background-type":"","background-media":"","overlay-type":"","overlay-color":"","overlay-opacity":"","overlay-gradient":""},"mobile":{"background-color":"var(--ast-global-color-5)","background-image":"","background-repeat":"repeat","background-position":"center center","background-size":"auto","background-attachment":"scroll","background-type":"","background-media":"","overlay-type":"","overlay-color":"","overlay-opacity":"","overlay-gradient":""}},"footnotes":""},"class_list":["post-2711","page","type-page","status-publish","hentry"],"uagb_featured_image_src":{"full":false,"thumbnail":false,"medium":false,"medium_large":false,"large":false,"1536x1536":false,"2048x2048":false,"trp-custom-language-flag":false},"uagb_author_info":{"display_name":"cmarabe1","author_link":"https:\/\/cesy.dsic.upv.es\/es\/author\/cmarabe1\/"},"uagb_comment_info":0,"uagb_excerpt":"Some problems we solve Click each card to solve the problem. Automatic extraction of main content Problem 1 &#8211; Precise Search and Selection of Web Pages A system that searches for information on the Internet based on a query (for example, bank &#038; crisis &#038; mortgage &#038; Ukraine) will find thousands of sources from which&hellip;","_links":{"self":[{"href":"https:\/\/cesy.dsic.upv.es\/es\/wp-json\/wp\/v2\/pages\/2711","targetHints":{"allow":["GET"]}}],"collection":[{"href":"https:\/\/cesy.dsic.upv.es\/es\/wp-json\/wp\/v2\/pages"}],"about":[{"href":"https:\/\/cesy.dsic.upv.es\/es\/wp-json\/wp\/v2\/types\/page"}],"author":[{"embeddable":true,"href":"https:\/\/cesy.dsic.upv.es\/es\/wp-json\/wp\/v2\/users\/1"}],"replies":[{"embeddable":true,"href":"https:\/\/cesy.dsic.upv.es\/es\/wp-json\/wp\/v2\/comments?post=2711"}],"version-history":[{"count":80,"href":"https:\/\/cesy.dsic.upv.es\/es\/wp-json\/wp\/v2\/pages\/2711\/revisions"}],"predecessor-version":[{"id":3034,"href":"https:\/\/cesy.dsic.upv.es\/es\/wp-json\/wp\/v2\/pages\/2711\/revisions\/3034"}],"wp:attachment":[{"href":"https:\/\/cesy.dsic.upv.es\/es\/wp-json\/wp\/v2\/media?parent=2711"}],"curies":[{"name":"wp","href":"https:\/\/api.w.org\/{rel}","templated":true}]}}