{"id":263,"date":"2024-10-17T14:44:04","date_gmt":"2024-10-17T14:44:04","guid":{"rendered":"http:\/\/localhost:8090\/?page_id=263"},"modified":"2024-12-03T09:54:43","modified_gmt":"2024-12-03T08:54:43","slug":"home","status":"publish","type":"page","link":"https:\/\/cesy.dsic.upv.es\/es\/","title":{"rendered":"Home"},"content":{"rendered":"<div data-elementor-type=\"wp-page\" data-elementor-id=\"263\" class=\"elementor elementor-263\">\n\t\t\t\t<div class=\"elementor-element elementor-element-522f321 e-flex e-con-boxed e-con e-parent\" data-id=\"522f321\" data-element_type=\"container\" data-e-type=\"container\">\n\t\t\t\t\t<div class=\"e-con-inner\">\n\t\t<div class=\"elementor-element elementor-element-34b27fc e-con-full e-flex e-con e-child\" data-id=\"34b27fc\" data-element_type=\"container\" data-e-type=\"container\">\n\t\t\t\t<div class=\"elementor-element elementor-element-c397bc9 elementor-widget elementor-widget-elementskit-heading\" data-id=\"c397bc9\" data-element_type=\"widget\" data-e-type=\"widget\" data-settings=\"{&quot;_animation&quot;:&quot;none&quot;}\" data-widget_type=\"elementskit-heading.default\">\n\t\t\t\t<div class=\"elementor-widget-container\">\n\t\t\t\t\t<div class=\"ekit-wid-con\" ><div class=\"ekit-heading elementskit-section-title-wraper    ekit_heading_tablet-   ekit_heading_mobile-\"><h1 class=\"ekit-heading--title elementskit-section-title text_fill\"><span><span>Content Extraction System<\/span><\/span><\/h1><div class=\"ekit_heading_separetor_wraper ekit_heading_elementskit-border-divider ekit-dotted\"><div class=\"elementskit-border-divider ekit-dotted\"><\/div><\/div><\/div><\/div>\t\t\t\t<\/div>\n\t\t\t\t<\/div>\n\t\t\t\t<div class=\"elementor-element elementor-element-a7e96db elementor-widget elementor-widget-text-editor\" data-id=\"a7e96db\" data-element_type=\"widget\" data-e-type=\"widget\" data-widget_type=\"text-editor.default\">\n\t\t\t\t<div class=\"elementor-widget-container\">\n\t\t\t\t\t\t\t\t\t<p>Un servicio de extracci\u00f3n ofrecido por investigadores de la <a href=\"https:\/\/www.upv.es\/\" target=\"_blank\" rel=\"noopener\">Universidad Polit\u00e8cnica de Val\u00e8ncia<\/a> que detecta y extrae autom\u00e1ticamente las diferentes partes de una p\u00e1gina web (contenido principal, plantilla, men\u00fa, rese\u00f1as de usuarios, 'boilerplate'...) mediante 'scraping'.<\/p>\t\t\t\t\t\t\t\t<\/div>\n\t\t\t\t<\/div>\n\t\t\t\t<div class=\"elementor-element elementor-element-1133a5a elementor-widget elementor-widget-heading\" data-id=\"1133a5a\" data-element_type=\"widget\" data-e-type=\"widget\" data-widget_type=\"heading.default\">\n\t\t\t\t<div class=\"elementor-widget-container\">\n\t\t\t\t\t<h2 class=\"elementor-heading-title elementor-size-default\">\u00a1Demo gratuita disponible!<\/h2>\t\t\t\t<\/div>\n\t\t\t\t<\/div>\n\t\t\t\t<div class=\"elementor-element elementor-element-521e162 elementor-widget elementor-widget-button\" data-id=\"521e162\" data-element_type=\"widget\" data-e-type=\"widget\" data-widget_type=\"button.default\">\n\t\t\t\t<div class=\"elementor-widget-container\">\n\t\t\t\t\t\t\t\t\t<div class=\"elementor-button-wrapper\">\n\t\t\t\t\t<a class=\"elementor-button elementor-button-link elementor-size-sm\" href=\"\/es\/contact\/\">\n\t\t\t\t\t\t<span class=\"elementor-button-content-wrapper\">\n\t\t\t\t\t\t\t\t\t<span class=\"elementor-button-text\">\u00a1Pru\u00e9bala por ti mismo!<\/span>\n\t\t\t\t\t<\/span>\n\t\t\t\t\t<\/a>\n\t\t\t\t<\/div>\n\t\t\t\t\t\t\t\t<\/div>\n\t\t\t\t<\/div>\n\t\t\t\t<\/div>\n\t\t<div class=\"elementor-element elementor-element-ef9edde e-con-full e-flex e-con e-child\" data-id=\"ef9edde\" data-element_type=\"container\" data-e-type=\"container\">\n\t\t\t\t<div class=\"elementor-element elementor-element-e30a14a elementor-widget elementor-widget-elementskit-image-comparison\" data-id=\"e30a14a\" data-element_type=\"widget\" data-e-type=\"widget\" id=\"juxtapose-main-content\" data-widget_type=\"elementskit-image-comparison.default\">\n\t\t\t\t<div class=\"elementor-widget-container\">\n\t\t\t\t\t<div class=\"ekit-wid-con\" >\n\t\t<div class=\"elementskit-image-comparison image-comparison-container\" data-offset=\"0.5\" data-overlay=\"\" data-label_after=\"After\" data-label_before=\"Before\" data-move_slider_on_hover=\"\" data-click_to_move=\"\">\n\t\t\t<img decoding=\"async\" src=\"https:\/\/cesy.dsic.upv.es\/wp-content\/uploads\/2024\/10\/contentBefore.webp\" title=\"contentBefore\" alt=\"contentBefore\" loading=\"lazy\" \/><img decoding=\"async\" src=\"https:\/\/cesy.dsic.upv.es\/wp-content\/uploads\/2024\/10\/contentAfter.webp\" title=\"contentAfter\" alt=\"contentAfter\" loading=\"lazy\" \/>\t\t<\/div>\n\n\t<\/div>\t\t\t\t<\/div>\n\t\t\t\t<\/div>\n\t\t\t\t<div class=\"elementor-element elementor-element-c87f8d6 elementor-widget elementor-widget-text-editor\" data-id=\"c87f8d6\" data-element_type=\"widget\" data-e-type=\"widget\" data-widget_type=\"text-editor.default\">\n\t\t\t\t<div class=\"elementor-widget-container\">\n\t\t\t\t\t\t\t\t\t<p><em>Mueve el separador para ver el pre y post extracci\u00f3n<\/em><\/p>\t\t\t\t\t\t\t\t<\/div>\n\t\t\t\t<\/div>\n\t\t\t\t<\/div>\n\t\t\t\t\t<\/div>\n\t\t\t\t<\/div>\n\t\t<div class=\"elementor-element elementor-element-0e3ceee e-grid elementor-hidden-desktop elementor-hidden-tablet elementor-hidden-mobile e-con-boxed e-con e-parent\" data-id=\"0e3ceee\" data-element_type=\"container\" data-e-type=\"container\">\n\t\t\t\t\t<div class=\"e-con-inner\">\n\t\t<div class=\"elementor-element elementor-element-7cf5b81 e-con-full e-flex e-con e-child\" data-id=\"7cf5b81\" data-element_type=\"container\" data-e-type=\"container\">\n\t\t\t\t<div class=\"elementor-element elementor-element-028f963 elementor-widget elementor-widget-elementskit-heading\" data-id=\"028f963\" data-element_type=\"widget\" data-e-type=\"widget\" data-settings=\"{&quot;_animation&quot;:&quot;none&quot;}\" data-widget_type=\"elementskit-heading.default\">\n\t\t\t\t<div class=\"elementor-widget-container\">\n\t\t\t\t\t<div class=\"ekit-wid-con\" ><div class=\"ekit-heading elementskit-section-title-wraper    ekit_heading_tablet-   ekit_heading_mobile-\"><h2 class=\"ekit-heading--title elementskit-section-title text_fill\">Extracci\u00f3n del contenido principal <span><span>contenido<\/span><\/span><\/h2><div class=\"ekit_heading_separetor_wraper ekit_heading_elementskit-border-divider ekit-dotted\"><div class=\"elementskit-border-divider ekit-dotted\"><\/div><\/div>\t\t\t\t<div class='ekit-heading__description'>\n\t\t\t\t\t<p>Extrae la informaci\u00f3n principal de una p\u00e1gina web, como el art\u00edculo, la publicaci\u00f3n o el bloque principal de texto, sin distracciones.<\/p>\n\t\t\t\t<\/div>\n\t\t\t<\/div><\/div>\t\t\t\t<\/div>\n\t\t\t\t<\/div>\n\t\t\t\t<div class=\"elementor-element elementor-element-7a140a0 elementor-widget__width-inherit elementor-widget elementor-widget-elementskit-image-comparison\" data-id=\"7a140a0\" data-element_type=\"widget\" data-e-type=\"widget\" data-widget_type=\"elementskit-image-comparison.default\">\n\t\t\t\t<div class=\"elementor-widget-container\">\n\t\t\t\t\t<div class=\"ekit-wid-con\" >\n\t\t<div class=\"elementskit-image-comparison image-comparison-container\" data-offset=\"0.5\" data-overlay=\"\" data-label_after=\"After\" data-label_before=\"Before\" data-move_slider_on_hover=\"\" data-click_to_move=\"\">\n\t\t\t<img decoding=\"async\" src=\"https:\/\/cesy.dsic.upv.es\/wp-content\/uploads\/2024\/10\/contentBefore.webp\" title=\"contentBefore\" alt=\"contentBefore\" loading=\"lazy\" \/><img decoding=\"async\" src=\"https:\/\/cesy.dsic.upv.es\/wp-content\/uploads\/2024\/10\/contentAfter.webp\" title=\"contentAfter\" alt=\"contentAfter\" loading=\"lazy\" \/>\t\t<\/div>\n\n\t<\/div>\t\t\t\t<\/div>\n\t\t\t\t<\/div>\n\t\t\t\t<div class=\"elementor-element elementor-element-589d7d7 elementor-widget elementor-widget-button\" data-id=\"589d7d7\" data-element_type=\"widget\" data-e-type=\"widget\" data-widget_type=\"button.default\">\n\t\t\t\t<div class=\"elementor-widget-container\">\n\t\t\t\t\t\t\t\t\t<div class=\"elementor-button-wrapper\">\n\t\t\t\t\t<a class=\"elementor-button elementor-button-link elementor-size-sm\" href=\"\/es\/main-content-extraction\/\">\n\t\t\t\t\t\t<span class=\"elementor-button-content-wrapper\">\n\t\t\t\t\t\t\t\t\t<span class=\"elementor-button-text\">Aprenda m\u00e1s...<\/span>\n\t\t\t\t\t<\/span>\n\t\t\t\t\t<\/a>\n\t\t\t\t<\/div>\n\t\t\t\t\t\t\t\t<\/div>\n\t\t\t\t<\/div>\n\t\t\t\t<\/div>\n\t\t<div class=\"elementor-element elementor-element-c74cfd4 e-con-full e-flex e-con e-child\" data-id=\"c74cfd4\" data-element_type=\"container\" data-e-type=\"container\">\n\t\t\t\t<div class=\"elementor-element elementor-element-a483472 elementor-widget elementor-widget-elementskit-heading\" data-id=\"a483472\" data-element_type=\"widget\" data-e-type=\"widget\" data-widget_type=\"elementskit-heading.default\">\n\t\t\t\t<div class=\"elementor-widget-container\">\n\t\t\t\t\t<div class=\"ekit-wid-con\" ><div class=\"ekit-heading elementskit-section-title-wraper text_left   ekit_heading_tablet-   ekit_heading_mobile-\"><h2 class=\"ekit-heading--title elementskit-section-title text_fill\">Rese\u00f1as o <span><span>comentarios<\/span><\/span><\/h2><div class=\"ekit_heading_separetor_wraper ekit_heading_elementskit-border-divider ekit-dotted\"><div class=\"elementskit-border-divider ekit-dotted\"><\/div><\/div>\t\t\t\t<div class='ekit-heading__description'>\n\t\t\t\t\t<p>Extrae la secci\u00f3n de rese\u00f1as o comentarios de una p\u00e1gina web para analizarla o simplemente leerla.<\/p>\n\t\t\t\t<\/div>\n\t\t\t<\/div><\/div>\t\t\t\t<\/div>\n\t\t\t\t<\/div>\n\t\t\t\t<div class=\"elementor-element elementor-element-404097e elementor-widget__width-inherit elementor-widget elementor-widget-elementskit-image-comparison\" data-id=\"404097e\" data-element_type=\"widget\" data-e-type=\"widget\" data-widget_type=\"elementskit-image-comparison.default\">\n\t\t\t\t<div class=\"elementor-widget-container\">\n\t\t\t\t\t<div class=\"ekit-wid-con\" >\n\t\t<div class=\"elementskit-image-comparison image-comparison-container\" data-offset=\"0.5\" data-overlay=\"\" data-label_after=\"After\" data-label_before=\"Before\" data-move_slider_on_hover=\"\" data-click_to_move=\"\">\n\t\t\t<img decoding=\"async\" src=\"https:\/\/cesy.dsic.upv.es\/wp-content\/uploads\/2024\/10\/reviewsBefore.webp\" title=\"reviewsBefore\" alt=\"reviewsBefore\" loading=\"lazy\" \/><img decoding=\"async\" src=\"https:\/\/cesy.dsic.upv.es\/wp-content\/uploads\/2024\/10\/reviewsAfter.webp\" title=\"reviewsAfter\" alt=\"reviewsAfter\" loading=\"lazy\" \/>\t\t<\/div>\n\n\t<\/div>\t\t\t\t<\/div>\n\t\t\t\t<\/div>\n\t\t\t\t<div class=\"elementor-element elementor-element-0636102 elementor-widget elementor-widget-button\" data-id=\"0636102\" data-element_type=\"widget\" data-e-type=\"widget\" data-widget_type=\"button.default\">\n\t\t\t\t<div class=\"elementor-widget-container\">\n\t\t\t\t\t\t\t\t\t<div class=\"elementor-button-wrapper\">\n\t\t\t\t\t<a class=\"elementor-button elementor-button-link elementor-size-sm\" href=\"\/es\/reviews-extraction\/\">\n\t\t\t\t\t\t<span class=\"elementor-button-content-wrapper\">\n\t\t\t\t\t\t\t\t\t<span class=\"elementor-button-text\">Aprenda m\u00e1s...<\/span>\n\t\t\t\t\t<\/span>\n\t\t\t\t\t<\/a>\n\t\t\t\t<\/div>\n\t\t\t\t\t\t\t\t<\/div>\n\t\t\t\t<\/div>\n\t\t\t\t<\/div>\n\t\t\t\t\t<\/div>\n\t\t\t\t<\/div>\n\t\t<div class=\"elementor-element elementor-element-ab7c0e5 e-flex e-con-boxed e-con e-parent\" data-id=\"ab7c0e5\" data-element_type=\"container\" data-e-type=\"container\">\n\t\t\t\t\t<div class=\"e-con-inner\">\n\t\t\t\t\t<\/div>\n\t\t\t\t<\/div>\n\t\t\t\t<\/div>","protected":false},"excerpt":{"rendered":"<p>Content Extraction System An extraction service offered by researchers at the Technical University of Valencia (UPV) that automatically detects and extracts the different parts of a webpage (main content, template, menu, user comments, boilerplate&#8230;) using scraping. Free demo available on request! Try it for yourself! Move the slider to see the pre and post extraction [&hellip;]<\/p>\n","protected":false},"author":1,"featured_media":0,"parent":0,"menu_order":0,"comment_status":"closed","ping_status":"closed","template":"","meta":{"_uag_custom_page_level_css":"","site-sidebar-layout":"default","site-content-layout":"","ast-site-content-layout":"default","site-content-style":"default","site-sidebar-style":"default","ast-global-header-display":"","ast-banner-title-visibility":"","ast-main-header-display":"","ast-hfb-above-header-display":"","ast-hfb-below-header-display":"","ast-hfb-mobile-header-display":"","site-post-title":"disabled","ast-breadcrumbs-content":"","ast-featured-img":"","footer-sml-layout":"","ast-disable-related-posts":"","theme-transparent-header-meta":"disabled","adv-header-id-meta":"","stick-header-meta":"","header-above-stick-meta":"","header-main-stick-meta":"","header-below-stick-meta":"","astra-migrate-meta-layouts":"set","ast-page-background-enabled":"default","ast-page-background-meta":{"desktop":{"background-color":"var(--ast-global-color-4)","background-image":"","background-repeat":"repeat","background-position":"center center","background-size":"auto","background-attachment":"scroll","background-type":"","background-media":"","overlay-type":"","overlay-color":"","overlay-opacity":"","overlay-gradient":""},"tablet":{"background-color":"","background-image":"","background-repeat":"repeat","background-position":"center center","background-size":"auto","background-attachment":"scroll","background-type":"","background-media":"","overlay-type":"","overlay-color":"","overlay-opacity":"","overlay-gradient":""},"mobile":{"background-color":"","background-image":"","background-repeat":"repeat","background-position":"center center","background-size":"auto","background-attachment":"scroll","background-type":"","background-media":"","overlay-type":"","overlay-color":"","overlay-opacity":"","overlay-gradient":""}},"ast-content-background-meta":{"desktop":{"background-color":"var(--ast-global-color-5)","background-image":"","background-repeat":"repeat","background-position":"center center","background-size":"auto","background-attachment":"scroll","background-type":"","background-media":"","overlay-type":"","overlay-color":"","overlay-opacity":"","overlay-gradient":""},"tablet":{"background-color":"var(--ast-global-color-5)","background-image":"","background-repeat":"repeat","background-position":"center center","background-size":"auto","background-attachment":"scroll","background-type":"","background-media":"","overlay-type":"","overlay-color":"","overlay-opacity":"","overlay-gradient":""},"mobile":{"background-color":"var(--ast-global-color-5)","background-image":"","background-repeat":"repeat","background-position":"center center","background-size":"auto","background-attachment":"scroll","background-type":"","background-media":"","overlay-type":"","overlay-color":"","overlay-opacity":"","overlay-gradient":""}},"footnotes":""},"class_list":["post-263","page","type-page","status-publish","hentry"],"uagb_featured_image_src":{"full":false,"thumbnail":false,"medium":false,"medium_large":false,"large":false,"1536x1536":false,"2048x2048":false,"trp-custom-language-flag":false},"uagb_author_info":{"display_name":"cmarabe1","author_link":"https:\/\/cesy.dsic.upv.es\/es\/author\/cmarabe1\/"},"uagb_comment_info":0,"uagb_excerpt":"Content Extraction System An extraction service offered by researchers at the Technical University of Valencia (UPV) that automatically detects and extracts the different parts of a webpage (main content, template, menu, user comments, boilerplate&#8230;) using scraping. Free demo available on request! Try it for yourself! Move the slider to see the pre and post extraction&hellip;","_links":{"self":[{"href":"https:\/\/cesy.dsic.upv.es\/es\/wp-json\/wp\/v2\/pages\/263","targetHints":{"allow":["GET"]}}],"collection":[{"href":"https:\/\/cesy.dsic.upv.es\/es\/wp-json\/wp\/v2\/pages"}],"about":[{"href":"https:\/\/cesy.dsic.upv.es\/es\/wp-json\/wp\/v2\/types\/page"}],"author":[{"embeddable":true,"href":"https:\/\/cesy.dsic.upv.es\/es\/wp-json\/wp\/v2\/users\/1"}],"replies":[{"embeddable":true,"href":"https:\/\/cesy.dsic.upv.es\/es\/wp-json\/wp\/v2\/comments?post=263"}],"version-history":[{"count":503,"href":"https:\/\/cesy.dsic.upv.es\/es\/wp-json\/wp\/v2\/pages\/263\/revisions"}],"predecessor-version":[{"id":3111,"href":"https:\/\/cesy.dsic.upv.es\/es\/wp-json\/wp\/v2\/pages\/263\/revisions\/3111"}],"wp:attachment":[{"href":"https:\/\/cesy.dsic.upv.es\/es\/wp-json\/wp\/v2\/media?parent=263"}],"curies":[{"name":"wp","href":"https:\/\/api.w.org\/{rel}","templated":true}]}}